{"id":1698,"date":"2024-09-21T06:37:00","date_gmt":"2024-09-21T06:37:00","guid":{"rendered":"https:\/\/www.haramaya.edu.et\/chms\/?page_id=1698"},"modified":"2024-09-21T06:37:00","modified_gmt":"2024-09-21T06:37:00","slug":"ayuda-embarazo-no-deseado-cyto-tek-quitocuencalojaamabatomachala-riobamaba","status":"publish","type":"page","link":"https:\/\/www.haramaya.edu.et\/chms\/ayuda-embarazo-no-deseado-cyto-tek-quitocuencalojaamabatomachala-riobamaba\/","title":{"rendered":"AYUDA EMBARAZO NO DESEADO CYTO-TEK QUITO,CUENCA,LOJA,AMABATO,MACHALA, RIOBAMABA"},"content":{"rendered":"<h1><a href=\"https:\/\/yodecido.info\">VENTAS DIRECTAS EN TODO EL ECUADOR CYTOTEC EN CUENCA, CYTOTEC QUITO, CYTOTEC\u00a0 MACHALA. CYTOTEC LOJA, CYTOTEC AMBATO, CYTOTEC RIOBAMBA, CYTOTEC LATACUNGA, CYTOTEC EN AZOGUES, CYTOTEC EN SANTO DOMINGO, CYTOTEC EN GUALACEO, ETC. ENTREGAS PERSONALES\u00a0<\/a><\/h1>\n<h2>Venta de pastillas Cytotec\/Misoprostol 0991733896 en\u00a0Cuenca,\u00a0Quito,\u00a0Azogues,\u00a0Machala,\u00a0Gualaceo,\u00a0Ambato, Loja, Riobamba, Latacunga, Ibarra, Otavalo, Guayaquil, Zamora, Morona, Guaranda, Gal\u00e1pagos, Esmeraldas, etc. y en todo el Ecuador 100% originales, asesor\u00eda gratis en todo el proceso.<\/h2>\n<p><a href=\"https:\/\/yodecido.info\"><strong>RECIBE ASESORIA SOBRE EMABARAZO NO DESEADO Y AYUDA CON UN CLIK AQUI, CLIK AQUI\u00a0<\/strong><\/a><\/p>\n<h2>Cytotec en Ecuador, Pastillas abortivas en Ecuador,\u00a0 Embarazos no deseados con Cytotec en Ecuador. Entregas personales y directas en Ecuador<\/h2>\n<h2>Dra. Alicia Sanchez<br \/>\n<a href=\"https:\/\/yodecido.info\">www.yodecido.info<\/a><br \/>\n<strong>Venta Cytotec Ecuador<\/strong><\/h2>\n<p>Bienvenidos a este sitio! aqu\u00ed te vendemos pastillas abortivas<strong>\u00a0CYTOTEC MISOPROSTOL<\/strong>\u00a0en Ecuador 100% originales y de la manera mas segura. Ademas te ofrecemos un asesoramiento gratis de como abortar, del efecto y uso correcto desde el principio hasta el final del aborto. Pastillas para abortar en Ecuador. Entregas personales y directas en Ecuador.<\/p>\n<p><a href=\"https:\/\/yodecido.info\"><strong>RECIBE ASESORIA SOBRE EMABARAZO NO DESEADO Y AYUDA CON UN CLIK AQUI, CLIK AQUI\u00a0<\/strong><\/a><\/p>\n<p>Este espacio ha sido creado con el fin de dar a conocer informaci\u00f3n real y concisa respecto al uso de Cytotec (Misoprostol) como m\u00e9todo para interrumpir un embarazo. Aqu\u00ed podr\u00e1s encontrar toda la informaci\u00f3n sobre lo que es Cytotec, c\u00f3mo act\u00faa Cytotec en el organismo de la mujer, qu\u00e9 efectos tiene, as\u00ed como las precauciones a seguir para llevar a cabo un tratamiento seguro y eficaz.<\/p>\n<p>Un servicio de aborto seguro es necesario para proteger la vida y salud de la mujer cuando \u00e9sta quiere terminar un embarazo no deseado. Este servicio de ayuda para el aborto conf\u00eda en que las mujeres tomen una decisi\u00f3n consciente y bien informada acerca de sus propios cuerpos.<\/p>\n<p>El m\u00e9todo con medicamento lo solemos utilizar por su eficacia hasta la semana 12 de gestaci\u00f3n.<\/p>\n<p><a href=\"https:\/\/yodecido.info\"><strong>RECIBE ASESORIA SOBRE EMABARAZO NO DESEADO Y AYUDA CON UN CLIK AQUI, CLIK AQUI\u00a0<\/strong><\/a><\/p>\n<p>Sabemos que tomar la decisi\u00f3n de interrumpir el embarazo con cytotec no es f\u00e1cil, por eso es muy importante que tengas las cosas claras, para ello nuestros especialistas te van a dar la informaci\u00f3n y el asesoramiento profesional que necesitas para resolver cualquier duda que tengas. Aunque siempre la \u00faltima decisi\u00f3n la tomar\u00e1s tu.<\/p>\n<p>Debes estar tranquila y no tener miedo si decides suspender tu embarazo porque nuestro equipo te va a dar un trato profesional, c\u00e1lido y comprensivo.<\/p>\n<p>Estamos comprometidos con nuestro trabajo y por eso entendemos perfectamente por el momento que estas pasando, poni\u00e9ndonos a tu disposici\u00f3n para lo que necesites.<\/p>\n<p><strong>Soluci\u00f3n:<\/strong>\u00a0En este sitio web encontrar\u00e1s toda la informaci\u00f3n necesaria en cuanto a las pastillas para abortar Cytotec tambien le explicaremos de manera sencilla los efectos y las funciones del medicamento con mas de 9 a\u00f1os de experincia y estamos disponibles para cualquier duda las 24 horas del dia de Lunes a Domingo v\u00eda telef\u00f3nica o por una mensajer\u00eda instant\u00e1nea pensada en tu bienestar.<\/p>\n<p><a href=\"https:\/\/yodecido.info\"><strong>RECIBE ASESORIA SOBRE EMABARAZO NO DESEADO Y AYUDA CON UN CLIK AQUI, CLIK AQUI\u00a0<\/strong><\/a><\/p>\n<p><strong>Satisfacci\u00f3n:\u00a0<\/strong>Hemos tenido una gran cantidad de clientes satisfechos durante el tiempo que llevamos ofreciendo nuestro servicio. Te damos calidad en el servicio y orientaci\u00f3n a las chicas que as\u00ed lo necesiten.<\/p>\n<p><strong>Confianza<\/strong>: Somos responsables y confiables, tanto el trato como las entregas personales y los env\u00edos del medicamento los hacemos de manera discreta y confidencial, con esto podemos garantizar confianza, porque<strong>\u00a0somos uno de los sitios m\u00e1s visitados y seguros que podr\u00e1s encontrar.<\/strong>\u00a0Respondemos todas tus dudas y garantizamos la entrega del producto con pruebas, enviamos im\u00e1genes y fotos donde ver\u00e1s el comprobante de env\u00edo, esto para tu comodidad y seguridad. Env\u00edos y entregas personales 100% seguros<\/p>\n<p><a href=\"https:\/\/yodecido.info\"><strong>RECIBE ASESORIA SOBRE EMABARAZO NO DESEADO Y AYUDA CON UN CLIK AQUI, CLIK AQUI\u00a0<\/strong><\/a><\/p>\n<h2 class=\"post-title\">ABORTAR CON CYTOTEC EN ECUADOR<\/h2>\n<ul>\n<li>El mejor y m\u00e1s seguro de los modos en que una mujer puede hacerse un aborto as\u00ed mismo hasta la 12 semanas de embarazo es con el uso del medicamento Cytotec Misoprostol). Si usted quiere hacerse un aborto seguro, y le gustar\u00eda tener un aborto con cytotec Misoprostol est\u00e1s en el mejor sitio web.<\/li>\n<li>Lo que logran las pastillas es provocar la expulsi\u00f3n espont\u00e1nea del embarazo a trav\u00e9s del \u00fatero. Se asemeja a un aborto espont\u00e1neo. LO PUEDES REALIZAR EN LA COMODIDAD DE TU HOGAR.<\/li>\n<li><a href=\"https:\/\/yodecido.info\"><strong>RECIBE ASESORIA SOBRE EMABARAZO NO DESEADO Y AYUDA CON UN CLIK AQUI, CLIK AQUI\u00a0<\/strong><\/a><\/li>\n<li>El Cytotec Misoprostol ha probado ser altamente efectivo, seguros y aceptables para hacer abortos durante el primer trimestre del embarazo. Los efectos de este m\u00e9todo abortivo incluyen c\u00f3licos y un sangrado prolongado (parecido al menstrual).<\/li>\n<li>Cytotec es la mejor pastilla abortiva, La manera mas segura y econ\u00f3mica para conseguirlas en Ecuador es aqu\u00ed.. No dudes mas contacta con nosotros para adquirir la pastilla cytotec.<\/li>\n<\/ul>\n<p><a href=\"https:\/\/yodecido.info\"><strong>RECIBE ASESORIA SOBRE EMABARAZO NO DESEADO Y AYUDA CON UN CLIK AQUI, CLIK AQUI\u00a0<\/strong><\/a><\/p>\n","protected":false},"excerpt":{"rendered":"<p>VENTAS DIRECTAS EN TODO EL ECUADOR CYTOTEC EN CUENCA, CYTOTEC QUITO, CYTOTEC\u00a0 MACHALA. CYTOTEC LOJA, CYTOTEC AMBATO, CYTOTEC RIOBAMBA, CYTOTEC LATACUNGA, CYTOTEC EN AZOGUES, CYTOTEC EN SANTO DOMINGO, CYTOTEC EN [&hellip;]<\/p>\n","protected":false},"author":23,"featured_media":0,"parent":0,"menu_order":0,"comment_status":"closed","ping_status":"closed","template":"","meta":{"_edd_button_behavior":[],"_oasis_is_in_workflow":0,"_oasis_original":0,"footnotes":""},"class_list":["post-1698","page","type-page","status-publish","hentry"],"_links":{"self":[{"href":"https:\/\/www.haramaya.edu.et\/chms\/wp-json\/wp\/v2\/pages\/1698","targetHints":{"allow":["GET"]}}],"collection":[{"href":"https:\/\/www.haramaya.edu.et\/chms\/wp-json\/wp\/v2\/pages"}],"about":[{"href":"https:\/\/www.haramaya.edu.et\/chms\/wp-json\/wp\/v2\/types\/page"}],"author":[{"embeddable":true,"href":"https:\/\/www.haramaya.edu.et\/chms\/wp-json\/wp\/v2\/users\/23"}],"replies":[{"embeddable":true,"href":"https:\/\/www.haramaya.edu.et\/chms\/wp-json\/wp\/v2\/comments?post=1698"}],"version-history":[{"count":1,"href":"https:\/\/www.haramaya.edu.et\/chms\/wp-json\/wp\/v2\/pages\/1698\/revisions"}],"predecessor-version":[{"id":1699,"href":"https:\/\/www.haramaya.edu.et\/chms\/wp-json\/wp\/v2\/pages\/1698\/revisions\/1699"}],"wp:attachment":[{"href":"https:\/\/www.haramaya.edu.et\/chms\/wp-json\/wp\/v2\/media?parent=1698"}],"curies":[{"name":"wp","href":"https:\/\/api.w.org\/{rel}","templated":true}]}}